{"id":8,"date":"2023-03-22T21:36:18","date_gmt":"2023-03-22T19:36:18","guid":{"rendered":"http:\/\/blueflamestories.com\/?page_id=8"},"modified":"2025-11-20T17:26:33","modified_gmt":"2025-11-20T15:26:33","slug":"esittely","status":"publish","type":"page","link":"https:\/\/www.blueflamestories.com\/en\/","title":{"rendered":"Esittely"},"content":{"rendered":"<div data-elementor-type=\"wp-post\" data-elementor-id=\"8\" class=\"elementor elementor-8\" data-elementor-post-type=\"page\">\n\t\t\t\t\t\t<section class=\"elementor-section elementor-top-section elementor-element elementor-element-e7f45b0 elementor-section-height-min-height elementor-section-boxed elementor-section-height-default elementor-section-items-middle\" data-id=\"e7f45b0\" data-element_type=\"section\" data-e-type=\"section\" data-settings=\"{&quot;background_background&quot;:&quot;gradient&quot;}\">\n\t\t\t\t\t\t\t<div class=\"elementor-background-overlay\"><\/div>\n\t\t\t\t\t\t\t<div class=\"elementor-container elementor-column-gap-default\">\n\t\t\t\t\t<div class=\"elementor-column elementor-col-100 elementor-top-column elementor-element elementor-element-f7adb70\" data-id=\"f7adb70\" data-element_type=\"column\" data-e-type=\"column\">\n\t\t\t<div class=\"elementor-widget-wrap elementor-element-populated\">\n\t\t\t\t\t\t<div class=\"elementor-element elementor-element-a114180 elementor-widget elementor-widget-image\" data-id=\"a114180\" data-element_type=\"widget\" data-e-type=\"widget\" data-widget_type=\"image.default\">\n\t\t\t\t<div class=\"elementor-widget-container\">\n\t\t\t\t\t\t\t\t\t\t\t\t\t\t\t<img fetchpriority=\"high\" decoding=\"async\" width=\"1438\" height=\"1920\" src=\"https:\/\/www.blueflamestories.com\/wp-content\/uploads\/2024\/03\/Blue-Flame-Stories-Brand-Mark-Light.webp\" class=\"attachment-full size-full wp-image-74\" alt=\"Blue Flame Stories Brand Mark Light\" srcset=\"https:\/\/www.blueflamestories.com\/wp-content\/uploads\/2024\/03\/Blue-Flame-Stories-Brand-Mark-Light.webp 1438w, https:\/\/www.blueflamestories.com\/wp-content\/uploads\/2024\/03\/Blue-Flame-Stories-Brand-Mark-Light-225x300.webp 225w, https:\/\/www.blueflamestories.com\/wp-content\/uploads\/2024\/03\/Blue-Flame-Stories-Brand-Mark-Light-767x1024.webp 767w, https:\/\/www.blueflamestories.com\/wp-content\/uploads\/2024\/03\/Blue-Flame-Stories-Brand-Mark-Light-768x1025.webp 768w, https:\/\/www.blueflamestories.com\/wp-content\/uploads\/2024\/03\/Blue-Flame-Stories-Brand-Mark-Light-1151x1536.webp 1151w\" sizes=\"(max-width: 1438px) 100vw, 1438px\" \/>\t\t\t\t\t\t\t\t\t\t\t\t\t\t\t<\/div>\n\t\t\t\t<\/div>\n\t\t\t\t<div class=\"elementor-element elementor-element-630325a elementor-widget elementor-widget-text-editor\" data-id=\"630325a\" data-element_type=\"widget\" data-e-type=\"widget\" data-widget_type=\"text-editor.default\">\n\t\t\t\t<div class=\"elementor-widget-container\">\n\t\t\t\t\t\t\t\t\t<p>With the power of story, we help you grow and sustain.<br \/>We create content with intent, clarify your mission, and design meaningful messaging.<\/p>\t\t\t\t\t\t\t\t<\/div>\n\t\t\t\t<\/div>\n\t\t\t\t<div class=\"elementor-element elementor-element-b9ebf49 elementor-grid-mobile-1 e-grid-align-mobile-center elementor-shape-circle elementor-grid-0 e-grid-align-center elementor-widget elementor-widget-social-icons\" data-id=\"b9ebf49\" data-element_type=\"widget\" data-e-type=\"widget\" data-widget_type=\"social-icons.default\">\n\t\t\t\t<div class=\"elementor-widget-container\">\n\t\t\t\t\t\t\t<div class=\"elementor-social-icons-wrapper elementor-grid\" role=\"list\">\n\t\t\t\t\t\t\t<span class=\"elementor-grid-item\" role=\"listitem\">\n\t\t\t\t\t<a class=\"elementor-icon elementor-social-icon elementor-social-icon-vimeo-v elementor-repeater-item-f568f15\" href=\"https:\/\/vimeo.com\/blueflamestories\" target=\"_blank\">\n\t\t\t\t\t\t<span class=\"elementor-screen-only\">Vimeo-v<\/span>\n\t\t\t\t\t\t<i aria-hidden=\"true\" class=\"fab fa-vimeo-v\"><\/i>\t\t\t\t\t<\/a>\n\t\t\t\t<\/span>\n\t\t\t\t\t\t\t<span class=\"elementor-grid-item\" role=\"listitem\">\n\t\t\t\t\t<a class=\"elementor-icon elementor-social-icon elementor-social-icon-instagram elementor-repeater-item-4cb6fc5\" href=\"https:\/\/www.instagram.com\/blueflamestoriesig\/\" target=\"_blank\">\n\t\t\t\t\t\t<span class=\"elementor-screen-only\">Instagram<\/span>\n\t\t\t\t\t\t<i aria-hidden=\"true\" class=\"fab fa-instagram\"><\/i>\t\t\t\t\t<\/a>\n\t\t\t\t<\/span>\n\t\t\t\t\t\t\t<span class=\"elementor-grid-item\" role=\"listitem\">\n\t\t\t\t\t<a class=\"elementor-icon elementor-social-icon elementor-social-icon-facebook-f elementor-repeater-item-6def3ff\" href=\"https:\/\/www.facebook.com\/blueflamestoriesfb\/\" target=\"_blank\">\n\t\t\t\t\t\t<span class=\"elementor-screen-only\">Facebook-f<\/span>\n\t\t\t\t\t\t<i aria-hidden=\"true\" class=\"fab fa-facebook-f\"><\/i>\t\t\t\t\t<\/a>\n\t\t\t\t<\/span>\n\t\t\t\t\t\t\t<span class=\"elementor-grid-item\" role=\"listitem\">\n\t\t\t\t\t<a class=\"elementor-icon elementor-social-icon elementor-social-icon-linkedin-in elementor-repeater-item-1a302bb\" href=\"https:\/\/www.linkedin.com\/company\/blueflamestories\" target=\"_blank\">\n\t\t\t\t\t\t<span class=\"elementor-screen-only\">Linkedin-in<\/span>\n\t\t\t\t\t\t<i aria-hidden=\"true\" class=\"fab fa-linkedin-in\"><\/i>\t\t\t\t\t<\/a>\n\t\t\t\t<\/span>\n\t\t\t\t\t<\/div>\n\t\t\t\t\t\t<\/div>\n\t\t\t\t<\/div>\n\t\t\t\t<div class=\"elementor-element elementor-element-660f856 elementor-widget elementor-widget-image\" data-id=\"660f856\" data-element_type=\"widget\" data-e-type=\"widget\" data-widget_type=\"image.default\">\n\t\t\t\t<div class=\"elementor-widget-container\">\n\t\t\t\t\t\t\t\t\t\t\t\t\t\t\t<img decoding=\"async\" width=\"1215\" height=\"1215\" src=\"https:\/\/www.blueflamestories.com\/wp-content\/uploads\/2024\/06\/Blue-Flame-Stories-\u2013-Kalle-Hautamaki-2.webp\" class=\"attachment-full size-full wp-image-227\" alt=\"Kalle Hautam\u00e4ki \u2013 Blue Flame Stories 2024\" srcset=\"https:\/\/www.blueflamestories.com\/wp-content\/uploads\/2024\/06\/Blue-Flame-Stories-\u2013-Kalle-Hautamaki-2.webp 1215w, https:\/\/www.blueflamestories.com\/wp-content\/uploads\/2024\/06\/Blue-Flame-Stories-\u2013-Kalle-Hautamaki-2-300x300.webp 300w, https:\/\/www.blueflamestories.com\/wp-content\/uploads\/2024\/06\/Blue-Flame-Stories-\u2013-Kalle-Hautamaki-2-1024x1024.webp 1024w, https:\/\/www.blueflamestories.com\/wp-content\/uploads\/2024\/06\/Blue-Flame-Stories-\u2013-Kalle-Hautamaki-2-150x150.webp 150w, https:\/\/www.blueflamestories.com\/wp-content\/uploads\/2024\/06\/Blue-Flame-Stories-\u2013-Kalle-Hautamaki-2-768x768.webp 768w\" sizes=\"(max-width: 1215px) 100vw, 1215px\" \/>\t\t\t\t\t\t\t\t\t\t\t\t\t\t\t<\/div>\n\t\t\t\t<\/div>\n\t\t\t\t<div class=\"elementor-element elementor-element-f60ea75 elementor-widget elementor-widget-text-editor\" data-id=\"f60ea75\" data-element_type=\"widget\" data-e-type=\"widget\" data-widget_type=\"text-editor.default\">\n\t\t\t\t<div class=\"elementor-widget-container\">\n\t\t\t\t\t\t\t\t\t<p>Entrepreneur, filmmaker, Story &amp; Art Director<br \/>Kalle Hautam\u00e4ki<\/p>\t\t\t\t\t\t\t\t<\/div>\n\t\t\t\t<\/div>\n\t\t\t\t<div class=\"elementor-element elementor-element-6ee90d9 elementor-align-center elementor-icon-list--layout-traditional elementor-list-item-link-full_width elementor-widget elementor-widget-icon-list\" data-id=\"6ee90d9\" data-element_type=\"widget\" data-e-type=\"widget\" data-widget_type=\"icon-list.default\">\n\t\t\t\t<div class=\"elementor-widget-container\">\n\t\t\t\t\t\t\t<ul class=\"elementor-icon-list-items\">\n\t\t\t\t\t\t\t<li class=\"elementor-icon-list-item\">\n\t\t\t\t\t\t\t\t\t\t\t<a href=\"tel:\/\/+358407044563\">\n\n\t\t\t\t\t\t\t\t\t\t\t\t<span class=\"elementor-icon-list-icon\">\n\t\t\t\t\t\t\t<i aria-hidden=\"true\" class=\"fas fa-phone-alt\"><\/i>\t\t\t\t\t\t<\/span>\n\t\t\t\t\t\t\t\t\t\t<span class=\"elementor-icon-list-text\">+358 40 7044 563<\/span>\n\t\t\t\t\t\t\t\t\t\t\t<\/a>\n\t\t\t\t\t\t\t\t\t<\/li>\n\t\t\t\t\t\t\t\t<li class=\"elementor-icon-list-item\">\n\t\t\t\t\t\t\t\t\t\t\t<a href=\"mailto:info@blueflamestories.com\">\n\n\t\t\t\t\t\t\t\t\t\t\t\t<span class=\"elementor-icon-list-icon\">\n\t\t\t\t\t\t\t<i aria-hidden=\"true\" class=\"far fa-envelope\"><\/i>\t\t\t\t\t\t<\/span>\n\t\t\t\t\t\t\t\t\t\t<span class=\"elementor-icon-list-text\">info@blueflamestories.com<\/span>\n\t\t\t\t\t\t\t\t\t\t\t<\/a>\n\t\t\t\t\t\t\t\t\t<\/li>\n\t\t\t\t\t\t\t\t<li class=\"elementor-icon-list-item\">\n\t\t\t\t\t\t\t\t\t\t\t<a href=\"https:\/\/maps.app.goo.gl\/brsooPqD1mqSsNRL7\" target=\"_blank\">\n\n\t\t\t\t\t\t\t\t\t\t\t\t<span class=\"elementor-icon-list-icon\">\n\t\t\t\t\t\t\t<i aria-hidden=\"true\" class=\"fas fa-home\"><\/i>\t\t\t\t\t\t<\/span>\n\t\t\t\t\t\t\t\t\t\t<span class=\"elementor-icon-list-text\">Lossikuja 6, 90500 Oulu<\/span>\n\t\t\t\t\t\t\t\t\t\t\t<\/a>\n\t\t\t\t\t\t\t\t\t<\/li>\n\t\t\t\t\t\t<\/ul>\n\t\t\t\t\t\t<\/div>\n\t\t\t\t<\/div>\n\t\t\t\t\t<\/div>\n\t\t<\/div>\n\t\t\t\t\t<\/div>\n\t\t<\/section>\n\t\t\t\t<footer class=\"elementor-section elementor-top-section elementor-element elementor-element-6c586746 elementor-section-height-min-height elementor-section-content-middle elementor-section-boxed elementor-section-height-default elementor-section-items-middle\" data-id=\"6c586746\" data-element_type=\"section\" data-e-type=\"section\" data-settings=\"{&quot;background_background&quot;:&quot;classic&quot;}\">\n\t\t\t\t\t\t<div class=\"elementor-container elementor-column-gap-default\">\n\t\t\t\t\t<div class=\"elementor-column elementor-col-100 elementor-top-column elementor-element elementor-element-56e24d09\" data-id=\"56e24d09\" data-element_type=\"column\" data-e-type=\"column\">\n\t\t\t<div class=\"elementor-widget-wrap elementor-element-populated\">\n\t\t\t\t\t\t<div class=\"elementor-element elementor-element-52fc396e elementor-widget elementor-widget-heading\" data-id=\"52fc396e\" data-element_type=\"widget\" data-e-type=\"widget\" data-widget_type=\"heading.default\">\n\t\t\t\t<div class=\"elementor-widget-container\">\n\t\t\t\t\t<p class=\"elementor-heading-title elementor-size-default\">All rights reserved.<br>\n\u00a9 Blue Flame Films Oy 2025.<\/p>\t\t\t\t<\/div>\n\t\t\t\t<\/div>\n\t\t\t\t\t<\/div>\n\t\t<\/div>\n\t\t\t\t\t<\/div>\n\t\t<\/footer>\n\t\t\t\t<\/div>","protected":false},"excerpt":{"rendered":"<p>Tarinan voimalla autamme sinua kasvamaan ja pysym\u00e4\u00e4n elinvoimaisena.Luomme mietittyj\u00e4 sis\u00e4lt\u00f6j\u00e4, selkeyt\u00e4mme missiosi ja muotoilemme merkityksellist\u00e4 viestint\u00e4\u00e4. Vimeo-v Instagram Facebook-f Linkedin-in Yritt\u00e4j\u00e4, videotuottaja, Story &amp; Art DirectorKalle Hautam\u00e4ki +358 40 7044 563 info@blueflamestories.com Lossikuja 6, 90500 Oulu Kaikki oikeudet pid\u00e4tet\u00e4\u00e4n. \u00a9 Blue Flame Films Oy 2025.<\/p>","protected":false},"author":1,"featured_media":0,"parent":0,"menu_order":0,"comment_status":"closed","ping_status":"closed","template":"elementor_canvas","meta":{"footnotes":""},"class_list":["post-8","page","type-page","status-publish","hentry"],"yoast_head":"<!-- This site is optimized with the Yoast SEO plugin v27.2 - https:\/\/yoast.com\/product\/yoast-seo-wordpress\/ -->\n<title>Blue Flame Stories &#8226; Esittely<\/title>\n<meta name=\"description\" content=\"Tarinallista viestint\u00e4\u00e4 yrityksille ja organisaatioille: videotuotannot, valokuvat, konsultointi &amp; koulutus.\" \/>\n<meta name=\"robots\" content=\"index, follow, max-snippet:-1, max-image-preview:large, max-video-preview:-1\" \/>\n<link rel=\"canonical\" href=\"https:\/\/www.blueflamestories.com\/en\/\" \/>\n<meta property=\"og:locale\" content=\"en_US\" \/>\n<meta property=\"og:type\" content=\"article\" \/>\n<meta property=\"og:title\" content=\"Blue Flame Stories &#8226; Esittely\" \/>\n<meta property=\"og:description\" content=\"Tarinallista viestint\u00e4\u00e4 yrityksille ja organisaatioille: videotuotannot, valokuvat, konsultointi &amp; koulutus.\" \/>\n<meta property=\"og:url\" content=\"https:\/\/www.blueflamestories.com\/en\/\" \/>\n<meta property=\"og:site_name\" content=\"Blue Flame Stories\" \/>\n<meta property=\"article:publisher\" content=\"https:\/\/www.facebook.com\/blueflamestoriesfb\" \/>\n<meta property=\"article:modified_time\" content=\"2025-11-20T15:26:33+00:00\" \/>\n<meta property=\"og:image\" content=\"https:\/\/www.blueflamestories.com\/wp-content\/uploads\/2024\/03\/Blue-Flame-Stories-Brand-Mark-Light.webp\" \/>\n\t<meta property=\"og:image:width\" content=\"1438\" \/>\n\t<meta property=\"og:image:height\" content=\"1920\" \/>\n\t<meta property=\"og:image:type\" content=\"image\/webp\" \/>\n<meta name=\"twitter:card\" content=\"summary_large_image\" \/>\n<meta name=\"twitter:label1\" content=\"Est. reading time\" \/>\n\t<meta name=\"twitter:data1\" content=\"1 minute\" \/>\n<script type=\"application\/ld+json\" class=\"yoast-schema-graph\">{\"@context\":\"https:\/\/schema.org\",\"@graph\":[{\"@type\":\"WebPage\",\"@id\":\"https:\/\/www.blueflamestories.com\/\",\"url\":\"https:\/\/www.blueflamestories.com\/\",\"name\":\"Blue Flame Stories &#8226; Esittely\",\"isPartOf\":{\"@id\":\"https:\/\/www.blueflamestories.com\/#website\"},\"primaryImageOfPage\":{\"@id\":\"https:\/\/www.blueflamestories.com\/#primaryimage\"},\"image\":{\"@id\":\"https:\/\/www.blueflamestories.com\/#primaryimage\"},\"thumbnailUrl\":\"https:\/\/www.blueflamestories.com\/wp-content\/uploads\/2024\/03\/Blue-Flame-Stories-Brand-Mark-Light.webp\",\"datePublished\":\"2023-03-22T19:36:18+00:00\",\"dateModified\":\"2025-11-20T15:26:33+00:00\",\"description\":\"Tarinallista viestint\u00e4\u00e4 yrityksille ja organisaatioille: videotuotannot, valokuvat, konsultointi & koulutus.\",\"breadcrumb\":{\"@id\":\"https:\/\/www.blueflamestories.com\/#breadcrumb\"},\"inLanguage\":\"en-US\",\"potentialAction\":[{\"@type\":\"ReadAction\",\"target\":[\"https:\/\/www.blueflamestories.com\/\"]}]},{\"@type\":\"ImageObject\",\"inLanguage\":\"en-US\",\"@id\":\"https:\/\/www.blueflamestories.com\/#primaryimage\",\"url\":\"https:\/\/www.blueflamestories.com\/wp-content\/uploads\/2024\/03\/Blue-Flame-Stories-Brand-Mark-Light.webp\",\"contentUrl\":\"https:\/\/www.blueflamestories.com\/wp-content\/uploads\/2024\/03\/Blue-Flame-Stories-Brand-Mark-Light.webp\"},{\"@type\":\"BreadcrumbList\",\"@id\":\"https:\/\/www.blueflamestories.com\/#breadcrumb\",\"itemListElement\":[{\"@type\":\"ListItem\",\"position\":1,\"name\":\"Etusivu\",\"item\":\"https:\/\/www.blueflamestories.com\/\"},{\"@type\":\"ListItem\",\"position\":2,\"name\":\"Esittely\"}]},{\"@type\":\"WebSite\",\"@id\":\"https:\/\/www.blueflamestories.com\/#website\",\"url\":\"https:\/\/www.blueflamestories.com\/\",\"name\":\"Blue Flame Stories\",\"description\":\"Tarinan voimalla kest\u00e4v\u00e4\u00e4 kasvua\",\"publisher\":{\"@id\":\"https:\/\/www.blueflamestories.com\/#organization\"},\"potentialAction\":[{\"@type\":\"SearchAction\",\"target\":{\"@type\":\"EntryPoint\",\"urlTemplate\":\"https:\/\/www.blueflamestories.com\/?s={search_term_string}\"},\"query-input\":{\"@type\":\"PropertyValueSpecification\",\"valueRequired\":true,\"valueName\":\"search_term_string\"}}],\"inLanguage\":\"en-US\"},{\"@type\":\"Organization\",\"@id\":\"https:\/\/www.blueflamestories.com\/#organization\",\"name\":\"Blue Flame Stories\",\"url\":\"https:\/\/www.blueflamestories.com\/\",\"logo\":{\"@type\":\"ImageObject\",\"inLanguage\":\"en-US\",\"@id\":\"https:\/\/www.blueflamestories.com\/#\/schema\/logo\/image\/\",\"url\":\"http:\/\/blueflamestories.com\/wp-content\/uploads\/2024\/03\/Blue-Flame-Stories-Brand-Mark-Dark-Wide-1.webp\",\"contentUrl\":\"http:\/\/blueflamestories.com\/wp-content\/uploads\/2024\/03\/Blue-Flame-Stories-Brand-Mark-Dark-Wide-1.webp\",\"width\":1920,\"height\":571,\"caption\":\"Blue Flame Stories\"},\"image\":{\"@id\":\"https:\/\/www.blueflamestories.com\/#\/schema\/logo\/image\/\"},\"sameAs\":[\"https:\/\/www.facebook.com\/blueflamestoriesfb\",\"https:\/\/www.instagram.com\/blueflamestoriesig\",\"https:\/\/vimeo.com\/blueflamestories\",\"https:\/\/www.linkedin.com\/company\/blueflamestories\"]}]}<\/script>\n<!-- \/ Yoast SEO plugin. -->","yoast_head_json":{"title":"Blue Flame Stories &#8226; Esittely","description":"Tarinallista viestint\u00e4\u00e4 yrityksille ja organisaatioille: videotuotannot, valokuvat, konsultointi & koulutus.","robots":{"index":"index","follow":"follow","max-snippet":"max-snippet:-1","max-image-preview":"max-image-preview:large","max-video-preview":"max-video-preview:-1"},"canonical":"https:\/\/www.blueflamestories.com\/en\/","og_locale":"en_US","og_type":"article","og_title":"Blue Flame Stories &#8226; Esittely","og_description":"Tarinallista viestint\u00e4\u00e4 yrityksille ja organisaatioille: videotuotannot, valokuvat, konsultointi & koulutus.","og_url":"https:\/\/www.blueflamestories.com\/en\/","og_site_name":"Blue Flame Stories","article_publisher":"https:\/\/www.facebook.com\/blueflamestoriesfb","article_modified_time":"2025-11-20T15:26:33+00:00","og_image":[{"width":1438,"height":1920,"url":"https:\/\/www.blueflamestories.com\/wp-content\/uploads\/2024\/03\/Blue-Flame-Stories-Brand-Mark-Light.webp","type":"image\/webp"}],"twitter_card":"summary_large_image","twitter_misc":{"Est. reading time":"1 minute"},"schema":{"@context":"https:\/\/schema.org","@graph":[{"@type":"WebPage","@id":"https:\/\/www.blueflamestories.com\/","url":"https:\/\/www.blueflamestories.com\/","name":"Blue Flame Stories &#8226; Esittely","isPartOf":{"@id":"https:\/\/www.blueflamestories.com\/#website"},"primaryImageOfPage":{"@id":"https:\/\/www.blueflamestories.com\/#primaryimage"},"image":{"@id":"https:\/\/www.blueflamestories.com\/#primaryimage"},"thumbnailUrl":"https:\/\/www.blueflamestories.com\/wp-content\/uploads\/2024\/03\/Blue-Flame-Stories-Brand-Mark-Light.webp","datePublished":"2023-03-22T19:36:18+00:00","dateModified":"2025-11-20T15:26:33+00:00","description":"Tarinallista viestint\u00e4\u00e4 yrityksille ja organisaatioille: videotuotannot, valokuvat, konsultointi & koulutus.","breadcrumb":{"@id":"https:\/\/www.blueflamestories.com\/#breadcrumb"},"inLanguage":"en-US","potentialAction":[{"@type":"ReadAction","target":["https:\/\/www.blueflamestories.com\/"]}]},{"@type":"ImageObject","inLanguage":"en-US","@id":"https:\/\/www.blueflamestories.com\/#primaryimage","url":"https:\/\/www.blueflamestories.com\/wp-content\/uploads\/2024\/03\/Blue-Flame-Stories-Brand-Mark-Light.webp","contentUrl":"https:\/\/www.blueflamestories.com\/wp-content\/uploads\/2024\/03\/Blue-Flame-Stories-Brand-Mark-Light.webp"},{"@type":"BreadcrumbList","@id":"https:\/\/www.blueflamestories.com\/#breadcrumb","itemListElement":[{"@type":"ListItem","position":1,"name":"Etusivu","item":"https:\/\/www.blueflamestories.com\/"},{"@type":"ListItem","position":2,"name":"Esittely"}]},{"@type":"WebSite","@id":"https:\/\/www.blueflamestories.com\/#website","url":"https:\/\/www.blueflamestories.com\/","name":"Blue Flame Stories","description":"Tarinan voimalla kest\u00e4v\u00e4\u00e4 kasvua","publisher":{"@id":"https:\/\/www.blueflamestories.com\/#organization"},"potentialAction":[{"@type":"SearchAction","target":{"@type":"EntryPoint","urlTemplate":"https:\/\/www.blueflamestories.com\/?s={search_term_string}"},"query-input":{"@type":"PropertyValueSpecification","valueRequired":true,"valueName":"search_term_string"}}],"inLanguage":"en-US"},{"@type":"Organization","@id":"https:\/\/www.blueflamestories.com\/#organization","name":"Blue Flame Stories","url":"https:\/\/www.blueflamestories.com\/","logo":{"@type":"ImageObject","inLanguage":"en-US","@id":"https:\/\/www.blueflamestories.com\/#\/schema\/logo\/image\/","url":"http:\/\/blueflamestories.com\/wp-content\/uploads\/2024\/03\/Blue-Flame-Stories-Brand-Mark-Dark-Wide-1.webp","contentUrl":"http:\/\/blueflamestories.com\/wp-content\/uploads\/2024\/03\/Blue-Flame-Stories-Brand-Mark-Dark-Wide-1.webp","width":1920,"height":571,"caption":"Blue Flame Stories"},"image":{"@id":"https:\/\/www.blueflamestories.com\/#\/schema\/logo\/image\/"},"sameAs":["https:\/\/www.facebook.com\/blueflamestoriesfb","https:\/\/www.instagram.com\/blueflamestoriesig","https:\/\/vimeo.com\/blueflamestories","https:\/\/www.linkedin.com\/company\/blueflamestories"]}]}},"_links":{"self":[{"href":"https:\/\/www.blueflamestories.com\/en\/wp-json\/wp\/v2\/pages\/8","targetHints":{"allow":["GET"]}}],"collection":[{"href":"https:\/\/www.blueflamestories.com\/en\/wp-json\/wp\/v2\/pages"}],"about":[{"href":"https:\/\/www.blueflamestories.com\/en\/wp-json\/wp\/v2\/types\/page"}],"author":[{"embeddable":true,"href":"https:\/\/www.blueflamestories.com\/en\/wp-json\/wp\/v2\/users\/1"}],"replies":[{"embeddable":true,"href":"https:\/\/www.blueflamestories.com\/en\/wp-json\/wp\/v2\/comments?post=8"}],"version-history":[{"count":201,"href":"https:\/\/www.blueflamestories.com\/en\/wp-json\/wp\/v2\/pages\/8\/revisions"}],"predecessor-version":[{"id":263,"href":"https:\/\/www.blueflamestories.com\/en\/wp-json\/wp\/v2\/pages\/8\/revisions\/263"}],"wp:attachment":[{"href":"https:\/\/www.blueflamestories.com\/en\/wp-json\/wp\/v2\/media?parent=8"}],"curies":[{"name":"wp","href":"https:\/\/api.w.org\/{rel}","templated":true}]}}